{"id":11403,"date":"2026-04-21T17:15:30","date_gmt":"2026-04-21T15:15:30","guid":{"rendered":"https:\/\/www.signifikant.se\/landwirtschaft-und-forstwirtschaft\/"},"modified":"2026-04-21T18:36:46","modified_gmt":"2026-04-21T16:36:46","slug":"landwirtschaft-und-forstwirtschaft","status":"publish","type":"page","link":"https:\/\/www.signifikant.se\/de\/landwirtschaft-und-forstwirtschaft\/","title":{"rendered":"Land- und Forstwirtschaft"},"content":{"rendered":"\t\t<div data-elementor-type=\"wp-page\" data-elementor-id=\"11403\" class=\"elementor elementor-11403 elementor-7634\" data-elementor-post-type=\"page\">\n\t\t\t\t<div class=\"elementor-element elementor-element-1aa4bb1a e-flex e-con-boxed e-con e-parent\" data-id=\"1aa4bb1a\" data-element_type=\"container\" data-e-type=\"container\" data-settings=\"{&quot;jet_parallax_layout_list&quot;:[],&quot;background_background&quot;:&quot;classic&quot;}\">\n\t\t\t\t\t<div class=\"e-con-inner\">\n\t\t\t\t<div class=\"elementor-element elementor-element-5ca259a2 elementor-widget__width-initial elementor-widget elementor-widget-heading\" data-id=\"5ca259a2\" data-element_type=\"widget\" data-e-type=\"widget\" data-widget_type=\"heading.default\">\n\t\t\t\t<div class=\"elementor-widget-container\">\n\t\t\t\t\t<h2 class=\"elementor-heading-title elementor-size-default\">Aftermarket-L\u00f6sung f\u00fcr Hersteller von Land- und Forstmaschinen<\/h2>\t\t\t\t<\/div>\n\t\t\t\t<\/div>\n\t\t\t\t<div class=\"elementor-element elementor-element-2c4b05a elementor-widget__width-initial elementor-widget elementor-widget-text-editor\" data-id=\"2c4b05a\" data-element_type=\"widget\" data-e-type=\"widget\" data-widget_type=\"text-editor.default\">\n\t\t\t\t<div class=\"elementor-widget-container\">\n\t\t\t\t\t\t\t\t\t<p>Statten Sie Endnutzer mit pr\u00e4zisen Ersatzteilinformationen aus, um die Maschinenverf\u00fcgbarkeit zu maximieren und den Aftermarket-Umsatz zu steigern.<\/p>\t\t\t\t\t\t\t\t<\/div>\n\t\t\t\t<\/div>\n\t\t\t\t\t<\/div>\n\t\t\t\t<\/div>\n\t\t<div class=\"elementor-element elementor-element-2ebd00f0 e-flex e-con-boxed e-con e-parent\" data-id=\"2ebd00f0\" data-element_type=\"container\" data-e-type=\"container\" data-settings=\"{&quot;jet_parallax_layout_list&quot;:[]}\">\n\t\t\t\t\t<div class=\"e-con-inner\">\n\t\t<div class=\"elementor-element elementor-element-1d60af3f e-con-full e-flex e-con e-child\" data-id=\"1d60af3f\" data-element_type=\"container\" data-e-type=\"container\" data-settings=\"{&quot;jet_parallax_layout_list&quot;:[]}\">\n\t\t\t\t<div class=\"elementor-element elementor-element-65124859 elementor-widget__width-initial elementor-widget-tablet__width-inherit elementor-widget elementor-widget-heading\" data-id=\"65124859\" data-element_type=\"widget\" data-e-type=\"widget\" data-widget_type=\"heading.default\">\n\t\t\t\t<div class=\"elementor-widget-container\">\n\t\t\t\t\t<h2 class=\"elementor-heading-title elementor-size-default\">Die Aftermarket-L\u00f6sung f\u00fcr Land- und Forstwirtschaft<\/h2>\t\t\t\t<\/div>\n\t\t\t\t<\/div>\n\t\t\t\t<div class=\"elementor-element elementor-element-6d0ee3a7 elementor-widget__width-initial elementor-widget-tablet__width-inherit elementor-widget elementor-widget-text-editor\" data-id=\"6d0ee3a7\" data-element_type=\"widget\" data-e-type=\"widget\" data-widget_type=\"text-editor.default\">\n\t\t\t\t<div class=\"elementor-widget-container\">\n\t\t\t\t\t\t\t\t\t<p>Land- und Forstwirte sind f\u00fcr ihre t\u00e4glichen Aufgaben auf ihre Maschinen angewiesen, und selbst kurze Ausfallzeiten k\u00f6nnen zu erheblichen Verlusten f\u00fchren. Die Aftermarket-L\u00f6sung f\u00fcr Land- und Forstwirtschaft von Signifikant stellt sicher, dass Anwender \u2013 ob im Wald, auf dem Feld oder in der Betriebsst\u00e4tte \u2013 jederzeit und \u00fcberall Zugriff auf wichtige Produktinformationen, Ersatzteile und Aftermarket-Daten haben. Dies umfasst den 24\/7-Zugriff im Online- und Offline-Modus und erm\u00f6glicht es den Anwendern, die Leistungsf\u00e4higkeit ihrer Maschinen reibungslos aufrechtzuerhalten.  <\/p><p>Die Aftermarket-Plattform von Signifikant genie\u00dft hohes Vertrauen in der Land-, Forst- und Landwirtschaft und dient als zentrale L\u00f6sung f\u00fcr alle Aftermarket-Datenbed\u00fcrfnisse. Von einem umfassenden Ersatzteilkatalog bis hin zu nahtlosen E-Commerce-L\u00f6sungen bietet sie H\u00e4ndlern, Distributoren, Wiederverk\u00e4ufern und Endkunden alle wichtigen Service- und Produktinformationen, optimiert Abl\u00e4ufe und steigert den Aftermarket-Umsatz. <\/p>\t\t\t\t\t\t\t\t<\/div>\n\t\t\t\t<\/div>\n\t\t\t\t<\/div>\n\t\t\t\t<div class=\"elementor-element elementor-element-30b36b8b elementor-widget__width-initial elementor-widget-tablet__width-inherit elementor-widget elementor-widget-image\" data-id=\"30b36b8b\" data-element_type=\"widget\" data-e-type=\"widget\" data-widget_type=\"image.default\">\n\t\t\t\t<div class=\"elementor-widget-container\">\n\t\t\t\t\t\t\t\t\t\t\t\t\t\t\t<img fetchpriority=\"high\" decoding=\"async\" width=\"767\" height=\"652\" src=\"https:\/\/www.signifikant.se\/wp-content\/uploads\/2026\/02\/forestry-machine-with-hydraulic-log-grapple-lifting-timber-logs-with-part-identification-overlay.webp\" class=\"attachment-large size-large wp-image-11398\" alt=\"Forestry machine with hydraulic log grapple lifting timber logs with part identification overlay\" srcset=\"https:\/\/www.signifikant.se\/wp-content\/uploads\/2026\/02\/forestry-machine-with-hydraulic-log-grapple-lifting-timber-logs-with-part-identification-overlay.webp 767w, https:\/\/www.signifikant.se\/wp-content\/uploads\/2026\/02\/forestry-machine-with-hydraulic-log-grapple-lifting-timber-logs-with-part-identification-overlay-300x255.webp 300w\" sizes=\"(max-width: 767px) 100vw, 767px\" \/>\t\t\t\t\t\t\t\t\t\t\t\t\t\t\t<\/div>\n\t\t\t\t<\/div>\n\t\t\t\t\t<\/div>\n\t\t\t\t<\/div>\n\t\t<div class=\"elementor-element elementor-element-7b1f78d2 e-flex e-con-boxed e-con e-parent\" data-id=\"7b1f78d2\" data-element_type=\"container\" data-e-type=\"container\" data-settings=\"{&quot;jet_parallax_layout_list&quot;:[],&quot;background_background&quot;:&quot;classic&quot;}\">\n\t\t\t\t\t<div class=\"e-con-inner\">\n\t\t\t\t<div class=\"elementor-element elementor-element-57e47a8f elementor-widget__width-initial elementor-widget-tablet__width-inherit elementor-widget elementor-widget-image\" data-id=\"57e47a8f\" data-element_type=\"widget\" data-e-type=\"widget\" data-widget_type=\"image.default\">\n\t\t\t\t<div class=\"elementor-widget-container\">\n\t\t\t\t\t\t\t\t\t\t\t\t\t\t\t<img decoding=\"async\" width=\"708\" height=\"652\" src=\"https:\/\/www.signifikant.se\/wp-content\/uploads\/2026\/03\/forestry-worker-using-chainsaw-with-replacement-chain-part-overlay-and-add-to-order-feature.webp\" class=\"attachment-large size-large wp-image-11399\" alt=\"\" srcset=\"https:\/\/www.signifikant.se\/wp-content\/uploads\/2026\/03\/forestry-worker-using-chainsaw-with-replacement-chain-part-overlay-and-add-to-order-feature.webp 708w, https:\/\/www.signifikant.se\/wp-content\/uploads\/2026\/03\/forestry-worker-using-chainsaw-with-replacement-chain-part-overlay-and-add-to-order-feature-300x276.webp 300w\" sizes=\"(max-width: 708px) 100vw, 708px\" \/>\t\t\t\t\t\t\t\t\t\t\t\t\t\t\t<\/div>\n\t\t\t\t<\/div>\n\t\t<div class=\"elementor-element elementor-element-5c797adf e-con-full e-flex e-con e-child\" data-id=\"5c797adf\" data-element_type=\"container\" data-e-type=\"container\" data-settings=\"{&quot;jet_parallax_layout_list&quot;:[]}\">\n\t\t\t\t<div class=\"elementor-element elementor-element-6dc23803 elementor-widget__width-initial elementor-widget-tablet__width-inherit elementor-widget elementor-widget-heading\" data-id=\"6dc23803\" data-element_type=\"widget\" data-e-type=\"widget\" data-widget_type=\"heading.default\">\n\t\t\t\t<div class=\"elementor-widget-container\">\n\t\t\t\t\t<h2 class=\"elementor-heading-title elementor-size-default\">Steigern Sie Ihre Kundenzufriedenheit und Ihren Aftermarket-Umsatz deutlich<\/h2>\t\t\t\t<\/div>\n\t\t\t\t<\/div>\n\t\t\t\t<div class=\"elementor-element elementor-element-7d5bbcc0 elementor-widget__width-initial elementor-widget-tablet__width-inherit elementor-widget elementor-widget-text-editor\" data-id=\"7d5bbcc0\" data-element_type=\"widget\" data-e-type=\"widget\" data-widget_type=\"text-editor.default\">\n\t\t\t\t<div class=\"elementor-widget-container\">\n\t\t\t\t\t\t\t\t\t<p>Genaue Informationen zum Kundendienst und ein effektiver E-Commerce sind entscheidend, um sicherzustellen, dass Kunden die richtigen Ersatzteile bestellen k\u00f6nnen, was zu einem verbesserten Service und schnelleren Reparaturen f\u00fchrt.<\/p><p>Signifikant bietet eine L\u00f6sung mit detaillierten Teilekatalogen, inklusive Teilenummern, Spezifikationen, Aftermarket-Daten und Kompatibilit\u00e4tsinformationen. So finden und bestellen Kunden schnell und einfach die passenden Teile, wodurch Ausfallzeiten reduziert und das Gesamterlebnis verbessert werden. <\/p>\t\t\t\t\t\t\t\t<\/div>\n\t\t\t\t<\/div>\n\t\t\t\t<div class=\"elementor-element elementor-element-32d540ee elementor-align-left elementor-mobile-align-left elementor-widget elementor-widget-button\" data-id=\"32d540ee\" data-element_type=\"widget\" data-e-type=\"widget\" data-widget_type=\"button.default\">\n\t\t\t\t<div class=\"elementor-widget-container\">\n\t\t\t\t\t\t\t\t\t<div class=\"elementor-button-wrapper\">\n\t\t\t\t\t<a class=\"elementor-button elementor-button-link elementor-size-xs\" href=\"https:\/\/www.signifikant.se\/resources\/#customer-stories\">\n\t\t\t\t\t\t<span class=\"elementor-button-content-wrapper\">\n\t\t\t\t\t\t\t\t\t<span class=\"elementor-button-text\">Kundenberichte<\/span>\n\t\t\t\t\t<\/span>\n\t\t\t\t\t<\/a>\n\t\t\t\t<\/div>\n\t\t\t\t\t\t\t\t<\/div>\n\t\t\t\t<\/div>\n\t\t\t\t<\/div>\n\t\t\t\t\t<\/div>\n\t\t\t\t<\/div>\n\t\t<div class=\"elementor-element elementor-element-56a24ab5 e-flex e-con-boxed e-con e-parent\" data-id=\"56a24ab5\" data-element_type=\"container\" data-e-type=\"container\" data-settings=\"{&quot;jet_parallax_layout_list&quot;:[]}\">\n\t\t\t\t\t<div class=\"e-con-inner\">\n\t\t\t\t<div class=\"elementor-element elementor-element-5f19e517 elementor-widget__width-inherit elementor-widget elementor-widget-heading\" data-id=\"5f19e517\" data-element_type=\"widget\" data-e-type=\"widget\" data-widget_type=\"heading.default\">\n\t\t\t\t<div class=\"elementor-widget-container\">\n\t\t\t\t\t<h2 class=\"elementor-heading-title elementor-size-default\">Vorteile der Aftermarket-L\u00f6sung von Signifikant f\u00fcr OEMs<\/h2>\t\t\t\t<\/div>\n\t\t\t\t<\/div>\n\t\t<div class=\"elementor-element elementor-element-35f4cbd9 e-con-full e-flex e-con e-child\" data-id=\"35f4cbd9\" data-element_type=\"container\" data-e-type=\"container\" data-settings=\"{&quot;jet_parallax_layout_list&quot;:[]}\">\n\t\t\t\t<div class=\"elementor-element elementor-element-1c1680e0 elementor-widget__width-initial elementor-widget-mobile__width-inherit elementor-position-top elementor-widget elementor-widget-image-box\" data-id=\"1c1680e0\" data-element_type=\"widget\" data-e-type=\"widget\" data-widget_type=\"image-box.default\">\n\t\t\t\t<div class=\"elementor-widget-container\">\n\t\t\t\t\t<div class=\"elementor-image-box-wrapper\"><figure class=\"elementor-image-box-img\"><img decoding=\"async\" width=\"160\" height=\"160\" src=\"https:\/\/www.signifikant.se\/wp-content\/uploads\/2026\/02\/gear-setting-icon.webp\" class=\"attachment-full size-full wp-image-11278\" alt=\"Gear Setting Icon\" srcset=\"https:\/\/www.signifikant.se\/wp-content\/uploads\/2026\/02\/gear-setting-icon.webp 160w, https:\/\/www.signifikant.se\/wp-content\/uploads\/2026\/02\/gear-setting-icon-150x150.webp 150w\" sizes=\"(max-width: 160px) 100vw, 160px\" \/><\/figure><div class=\"elementor-image-box-content\"><h3 class=\"elementor-image-box-title\">Selbstbedienung und vereinfachte Ersatzteilbestellung.<\/h3><\/div><\/div>\t\t\t\t<\/div>\n\t\t\t\t<\/div>\n\t\t\t\t<div class=\"elementor-element elementor-element-5805162b elementor-widget__width-initial elementor-widget-mobile__width-inherit elementor-position-top elementor-widget elementor-widget-image-box\" data-id=\"5805162b\" data-element_type=\"widget\" data-e-type=\"widget\" data-widget_type=\"image-box.default\">\n\t\t\t\t<div class=\"elementor-widget-container\">\n\t\t\t\t\t<div class=\"elementor-image-box-wrapper\"><figure class=\"elementor-image-box-img\"><img loading=\"lazy\" decoding=\"async\" width=\"130\" height=\"130\" src=\"https:\/\/www.signifikant.se\/wp-content\/uploads\/2026\/02\/device-icon.webp\" class=\"attachment-full size-full wp-image-11400\" alt=\"Device Icon\" \/><\/figure><div class=\"elementor-image-box-content\"><h3 class=\"elementor-image-box-title\">Unverzichtbare Diagnosewerkzeuge f\u00fcr den Kundendienst von H\u00e4ndlern und Landwirten<\/h3><\/div><\/div>\t\t\t\t<\/div>\n\t\t\t\t<\/div>\n\t\t\t\t<div class=\"elementor-element elementor-element-4f019d1a elementor-widget__width-initial elementor-widget-mobile__width-inherit elementor-position-top elementor-widget elementor-widget-image-box\" data-id=\"4f019d1a\" data-element_type=\"widget\" data-e-type=\"widget\" data-widget_type=\"image-box.default\">\n\t\t\t\t<div class=\"elementor-widget-container\">\n\t\t\t\t\t<div class=\"elementor-image-box-wrapper\"><figure class=\"elementor-image-box-img\"><img loading=\"lazy\" decoding=\"async\" width=\"160\" height=\"160\" src=\"https:\/\/www.signifikant.se\/wp-content\/uploads\/2026\/02\/product-box-icon.webp\" class=\"attachment-full size-full wp-image-11289\" alt=\"Product Box Icon\" srcset=\"https:\/\/www.signifikant.se\/wp-content\/uploads\/2026\/02\/product-box-icon.webp 160w, https:\/\/www.signifikant.se\/wp-content\/uploads\/2026\/02\/product-box-icon-150x150.webp 150w\" sizes=\"(max-width: 160px) 100vw, 160px\" \/><\/figure><div class=\"elementor-image-box-content\"><h3 class=\"elementor-image-box-title\">Vereinfachte Produktinformationen f\u00fcr eine pr\u00e4zise Auswahl von Ersatzteilen<\/h3><\/div><\/div>\t\t\t\t<\/div>\n\t\t\t\t<\/div>\n\t\t\t\t<div class=\"elementor-element elementor-element-41195eda elementor-widget__width-initial elementor-widget-mobile__width-inherit elementor-position-top elementor-widget elementor-widget-image-box\" data-id=\"41195eda\" data-element_type=\"widget\" data-e-type=\"widget\" data-widget_type=\"image-box.default\">\n\t\t\t\t<div class=\"elementor-widget-container\">\n\t\t\t\t\t<div class=\"elementor-image-box-wrapper\"><figure class=\"elementor-image-box-img\"><img loading=\"lazy\" decoding=\"async\" width=\"160\" height=\"160\" src=\"https:\/\/www.signifikant.se\/wp-content\/uploads\/2026\/02\/book-icon.webp\" class=\"attachment-full size-full wp-image-11292\" alt=\"Book Icon\" srcset=\"https:\/\/www.signifikant.se\/wp-content\/uploads\/2026\/02\/book-icon.webp 160w, https:\/\/www.signifikant.se\/wp-content\/uploads\/2026\/02\/book-icon-150x150.webp 150w\" sizes=\"(max-width: 160px) 100vw, 160px\" \/><\/figure><div class=\"elementor-image-box-content\"><h3 class=\"elementor-image-box-title\">Weltweit zug\u00e4ngliche Online- und Offline-Kataloge<\/h3><\/div><\/div>\t\t\t\t<\/div>\n\t\t\t\t<\/div>\n\t\t\t\t<div class=\"elementor-element elementor-element-715f1d39 elementor-widget__width-initial elementor-widget-mobile__width-inherit elementor-position-top elementor-widget elementor-widget-image-box\" data-id=\"715f1d39\" data-element_type=\"widget\" data-e-type=\"widget\" data-widget_type=\"image-box.default\">\n\t\t\t\t<div class=\"elementor-widget-container\">\n\t\t\t\t\t<div class=\"elementor-image-box-wrapper\"><figure class=\"elementor-image-box-img\"><img loading=\"lazy\" decoding=\"async\" width=\"130\" height=\"130\" src=\"https:\/\/www.signifikant.se\/wp-content\/uploads\/2026\/02\/information-icon.webp\" class=\"attachment-full size-full wp-image-11401\" alt=\"Information Icon\" \/><\/figure><div class=\"elementor-image-box-content\"><h3 class=\"elementor-image-box-title\">Umfassende Serviceinformationen zur Unterst\u00fctzung Ihres Servicenetzwerks<\/h3><\/div><\/div>\t\t\t\t<\/div>\n\t\t\t\t<\/div>\n\t\t\t\t<\/div>\n\t\t\t\t\t<\/div>\n\t\t\t\t<\/div>\n\t\t<div class=\"elementor-element elementor-element-20bdf9eb e-con-full e-flex e-con e-parent\" data-id=\"20bdf9eb\" data-element_type=\"container\" data-e-type=\"container\" data-settings=\"{&quot;jet_parallax_layout_list&quot;:[]}\">\n\t\t\t\t<div class=\"elementor-element elementor-element-15683b6d elementor-widget elementor-widget-template\" data-id=\"15683b6d\" data-element_type=\"widget\" data-e-type=\"widget\" data-widget_type=\"template.default\">\n\t\t\t\t<div class=\"elementor-widget-container\">\n\t\t\t\t\t\t\t<div class=\"elementor-template\">\n\t\t\t\t\t<div data-elementor-type=\"container\" data-elementor-id=\"10337\" class=\"elementor elementor-10337\" data-elementor-post-type=\"elementor_library\">\n\t\t\t\t<div class=\"elementor-element elementor-element-56f8cd4f e-con-full e-flex e-con e-parent\" data-id=\"56f8cd4f\" data-element_type=\"container\" data-e-type=\"container\" data-settings=\"{&quot;jet_parallax_layout_list&quot;:[],&quot;background_background&quot;:&quot;classic&quot;}\">\n\t\t\t\t<div class=\"elementor-element elementor-element-36860b72 elementor-widget__width-inherit elementor-widget-mobile__width-initial elementor-widget elementor-widget-heading\" data-id=\"36860b72\" data-element_type=\"widget\" data-e-type=\"widget\" data-widget_type=\"heading.default\">\n\t\t\t\t<div class=\"elementor-widget-container\">\n\t\t\t\t\t<h2 class=\"elementor-heading-title elementor-size-default\">Trusted by industry leaders worldwide<\/h2>\t\t\t\t<\/div>\n\t\t\t\t<\/div>\n\t\t\t\t<div class=\"elementor-element elementor-element-5d5b2d8f elementor-widget elementor-widget-ucaddon_logo_marquee\" data-id=\"5d5b2d8f\" data-element_type=\"widget\" data-e-type=\"widget\" data-widget_type=\"ucaddon_logo_marquee.default\">\n\t\t\t\t<div class=\"elementor-widget-container\">\n\t\t\t\t\t\n<!-- start Logo Marquee -->\n\t\t<link id='font-awesome-css' href='https:\/\/www.signifikant.se\/wp-content\/plugins\/unlimited-elements-for-elementor-premium\/assets_libraries\/font-awesome6\/fontawesome-all.min.css' type='text\/css' rel='stylesheet' >\n\t\t<link id='font-awesome-4-shim-css' href='https:\/\/www.signifikant.se\/wp-content\/plugins\/unlimited-elements-for-elementor-premium\/assets_libraries\/font-awesome6\/fontawesome-v4-shims.min.css' type='text\/css' rel='stylesheet' >\n\n<style>\/* widget: Logo Marquee *\/\n\n#uc_logo_marquee_elementor_5d5b2d8f{\n  min-height:1px;\n  text-align: center;\n  position:relative;\n}\n\n#uc_logo_marquee_elementor_5d5b2d8f *{\n  box-sizing:border-box;\n}\n#uc_logo_marquee_elementor_5d5b2d8f .uc_marquee {\n\tdisplay: flex;\n\talign-items: center;\n\toverflow: hidden;\n    position: relative;\n}\n#uc_logo_marquee_elementor_5d5b2d8f .uc_marquee > div {\n    position:relative;\n\tdisplay: inline-flex;\n\talign-items: center;\n\tflex: 0 0 auto;\n\twidth: auto;\n\toverflow: hidden;\n  \t\t\tanimation-name: marquee-to-left;\n    \tanimation-timing-function: linear;\n\tanimation-iteration-count: infinite;\n    }\n#uc_logo_marquee_elementor_5d5b2d8f img{\n\n  \theight: 100%;\n  \tobject-fit: contain;\n}\n\n#uc_logo_marquee_elementor_5d5b2d8f .ue_marquee_title\n{\n  position:absolute;\n  bottom:0px;\n  width:100%;\n}\n\n#uc_logo_marquee_elementor_5d5b2d8f .uc_logo_marquee_holder{\n\tposition:relative;\n    text-align:center;\n    overflow:hidden;\n}\n\n\n#uc_logo_marquee_elementor_5d5b2d8f .uc_logo_marquee_holder a{\n  height:100%;\n  width: 100%;\n  display:flex;\n  align-items: center;\n  justify-content:center;\n}\n\n\n\t@keyframes marquee-to-left {\n\tfrom {transform: translate(0,0)}\n\tto {transform: translate(-50%,0)}\n}\n\t\n\n\n\n\n\n#uc_logo_marquee_elementor_5d5b2d8f .ue-item-badge\n{\n  position:absolute;\n  right:10px;\n  top:10px;\n}\n\n<\/style>\n\n<div class=\"uc_logo_marquee\" id=\"uc_logo_marquee_elementor_5d5b2d8f\" style=\"direction:ltr;\">\n   <div class=\"uc_marquee uc-items-wrapper\" data-height=\"\" data-speed=\"12000\" data-mobile-items=\"3\" data-tablet-items=\"5\" data-desktop-items=\"5\" data-margin=\"\" data-paused=\"false\" data-direction=\"left\">\n   \t\t<div class=\"uc_logo_marquee_holder elementor-repeater-item-708b9f6\">\n\t        <img decoding=\"async\" src=\"https:\/\/www.signifikant.se\/wp-content\/uploads\/2024\/06\/vaderstad.png\" alt=\"Item 1\" class=\"ue_img_marquee\">\n      \t\n        \n      \t\n      <\/div>\n<div class=\"uc_logo_marquee_holder elementor-repeater-item-4013632\">\n\t        <img decoding=\"async\" src=\"https:\/\/www.signifikant.se\/wp-content\/uploads\/2024\/05\/rototilt-logo.webp\" alt=\"Item 1\" class=\"ue_img_marquee\">\n      \t\n        \n      \t\n      <\/div>\n<div class=\"uc_logo_marquee_holder elementor-repeater-item-190c158\">\n\t        <img decoding=\"async\" src=\"https:\/\/www.signifikant.se\/wp-content\/uploads\/2024\/06\/automatic-choice.png\" alt=\"Item 1\" class=\"ue_img_marquee\">\n      \t\n        \n      \t\n      <\/div>\n<div class=\"uc_logo_marquee_holder elementor-repeater-item-ce7255a\">\n\t        <img decoding=\"async\" src=\"https:\/\/www.signifikant.se\/wp-content\/uploads\/2024\/05\/alo.webp\" alt=\"Item 1\" class=\"ue_img_marquee\">\n      \t\n        \n      \t\n      <\/div>\n<div class=\"uc_logo_marquee_holder elementor-repeater-item-f87010c\">\n\t        <img decoding=\"async\" src=\"https:\/\/www.signifikant.se\/wp-content\/uploads\/2024\/05\/dometic.webp\" alt=\"Item 1\" class=\"ue_img_marquee\">\n      \t\n        \n      \t\n      <\/div>\n<div class=\"uc_logo_marquee_holder elementor-repeater-item-df28d1f\">\n\t        <img decoding=\"async\" src=\"https:\/\/www.signifikant.se\/wp-content\/uploads\/2024\/05\/voltas-logo_520x140.webp\" alt=\"Item 1\" class=\"ue_img_marquee\">\n      \t\n        \n      \t\n      <\/div>\n<div class=\"uc_logo_marquee_holder elementor-repeater-item-b81157d\">\n\t        <img decoding=\"async\" src=\"https:\/\/www.signifikant.se\/wp-content\/uploads\/2024\/05\/edilog.webp\" alt=\"Item 1\" class=\"ue_img_marquee\">\n      \t\n        \n      \t\n      <\/div>\n<div class=\"uc_logo_marquee_holder elementor-repeater-item-691a469\">\n\t        <img decoding=\"async\" src=\"https:\/\/www.signifikant.se\/wp-content\/uploads\/2024\/06\/sampo-rosenlew.png\" alt=\"Item 1\" class=\"ue_img_marquee\">\n      \t\n        \n      \t\n      <\/div>\n<div class=\"uc_logo_marquee_holder elementor-repeater-item-6871260\">\n\t        <img decoding=\"async\" src=\"https:\/\/www.signifikant.se\/wp-content\/uploads\/2024\/08\/Komatsu-Logo-1.png\" alt=\"Item 1\" class=\"ue_img_marquee\">\n      \t\n        \n      \t\n      <\/div>\n\n   <\/div>\t\n<\/div>\n<!-- end Logo Marquee -->\t\t\t\t<\/div>\n\t\t\t\t<\/div>\n\t\t\t\t<\/div>\n\t\t\t\t<\/div>\n\t\t\t\t<\/div>\n\t\t\t\t\t\t<\/div>\n\t\t\t\t<\/div>\n\t\t\t\t<\/div>\n\t\t\t\t<\/div>\n\t\t","protected":false},"excerpt":{"rendered":"<p>Aftermarket-L\u00f6sung f\u00fcr Hersteller von Land- und Forstmaschinen Statten Sie Endnutzer mit pr\u00e4zisen Ersatzteilinformationen aus, um die Maschinenverf\u00fcgbarkeit zu maximieren und den Aftermarket-Umsatz zu steigern. Die Aftermarket-L\u00f6sung f\u00fcr Land- und Forstwirtschaft Land- und Forstwirte sind f\u00fcr ihre t\u00e4glichen Aufgaben auf ihre Maschinen angewiesen, und selbst kurze Ausfallzeiten k\u00f6nnen zu erheblichen Verlusten f\u00fchren. Die Aftermarket-L\u00f6sung f\u00fcr Land- [&hellip;]<\/p>\n","protected":false},"author":1,"featured_media":11402,"parent":0,"menu_order":0,"comment_status":"closed","ping_status":"closed","template":"elementor_header_footer","meta":{"ocean_post_layout":"","ocean_both_sidebars_style":"","ocean_both_sidebars_content_width":0,"ocean_both_sidebars_sidebars_width":0,"ocean_sidebar":"","ocean_second_sidebar":"","ocean_disable_margins":"enable","ocean_add_body_class":"","ocean_shortcode_before_top_bar":"","ocean_shortcode_after_top_bar":"","ocean_shortcode_before_header":"","ocean_shortcode_after_header":"","ocean_has_shortcode":"","ocean_shortcode_after_title":"","ocean_shortcode_before_footer_widgets":"","ocean_shortcode_after_footer_widgets":"","ocean_shortcode_before_footer_bottom":"","ocean_shortcode_after_footer_bottom":"","ocean_display_top_bar":"default","ocean_display_header":"default","ocean_header_style":"","ocean_center_header_left_menu":"","ocean_custom_header_template":"","ocean_custom_logo":0,"ocean_custom_retina_logo":0,"ocean_custom_logo_max_width":0,"ocean_custom_logo_tablet_max_width":0,"ocean_custom_logo_mobile_max_width":0,"ocean_custom_logo_max_height":0,"ocean_custom_logo_tablet_max_height":0,"ocean_custom_logo_mobile_max_height":0,"ocean_header_custom_menu":"","ocean_menu_typo_font_family":"","ocean_menu_typo_font_subset":"","ocean_menu_typo_font_size":0,"ocean_menu_typo_font_size_tablet":0,"ocean_menu_typo_font_size_mobile":0,"ocean_menu_typo_font_size_unit":"px","ocean_menu_typo_font_weight":"","ocean_menu_typo_font_weight_tablet":"","ocean_menu_typo_font_weight_mobile":"","ocean_menu_typo_transform":"","ocean_menu_typo_transform_tablet":"","ocean_menu_typo_transform_mobile":"","ocean_menu_typo_line_height":0,"ocean_menu_typo_line_height_tablet":0,"ocean_menu_typo_line_height_mobile":0,"ocean_menu_typo_line_height_unit":"","ocean_menu_typo_spacing":0,"ocean_menu_typo_spacing_tablet":0,"ocean_menu_typo_spacing_mobile":0,"ocean_menu_typo_spacing_unit":"","ocean_menu_link_color":"","ocean_menu_link_color_hover":"","ocean_menu_link_color_active":"","ocean_menu_link_background":"","ocean_menu_link_hover_background":"","ocean_menu_link_active_background":"","ocean_menu_social_links_bg":"","ocean_menu_social_hover_links_bg":"","ocean_menu_social_links_color":"","ocean_menu_social_hover_links_color":"","ocean_disable_title":"default","ocean_disable_heading":"default","ocean_post_title":"","ocean_post_subheading":"","ocean_post_title_style":"","ocean_post_title_background_color":"","ocean_post_title_background":0,"ocean_post_title_bg_image_position":"","ocean_post_title_bg_image_attachment":"","ocean_post_title_bg_image_repeat":"","ocean_post_title_bg_image_size":"","ocean_post_title_height":0,"ocean_post_title_bg_overlay":0.5,"ocean_post_title_bg_overlay_color":"","ocean_disable_breadcrumbs":"default","ocean_breadcrumbs_color":"","ocean_breadcrumbs_separator_color":"","ocean_breadcrumbs_links_color":"","ocean_breadcrumbs_links_hover_color":"","ocean_display_footer_widgets":"default","ocean_display_footer_bottom":"default","ocean_custom_footer_template":"","footnotes":""},"class_list":["post-11403","page","type-page","status-publish","has-post-thumbnail","hentry","entry","has-media"],"_links":{"self":[{"href":"https:\/\/www.signifikant.se\/de\/wp-json\/wp\/v2\/pages\/11403","targetHints":{"allow":["GET"]}}],"collection":[{"href":"https:\/\/www.signifikant.se\/de\/wp-json\/wp\/v2\/pages"}],"about":[{"href":"https:\/\/www.signifikant.se\/de\/wp-json\/wp\/v2\/types\/page"}],"author":[{"embeddable":true,"href":"https:\/\/www.signifikant.se\/de\/wp-json\/wp\/v2\/users\/1"}],"replies":[{"embeddable":true,"href":"https:\/\/www.signifikant.se\/de\/wp-json\/wp\/v2\/comments?post=11403"}],"version-history":[{"count":2,"href":"https:\/\/www.signifikant.se\/de\/wp-json\/wp\/v2\/pages\/11403\/revisions"}],"predecessor-version":[{"id":11464,"href":"https:\/\/www.signifikant.se\/de\/wp-json\/wp\/v2\/pages\/11403\/revisions\/11464"}],"wp:featuredmedia":[{"embeddable":true,"href":"https:\/\/www.signifikant.se\/de\/wp-json\/wp\/v2\/media\/11402"}],"wp:attachment":[{"href":"https:\/\/www.signifikant.se\/de\/wp-json\/wp\/v2\/media?parent=11403"}],"curies":[{"name":"wp","href":"https:\/\/api.w.org\/{rel}","templated":true}]}}