{"id":11438,"date":"2026-04-21T18:23:14","date_gmt":"2026-04-21T16:23:14","guid":{"rendered":"https:\/\/www.signifikant.se\/schwere-maschinen\/"},"modified":"2026-04-21T18:23:16","modified_gmt":"2026-04-21T16:23:16","slug":"schwere-maschinen","status":"publish","type":"page","link":"https:\/\/www.signifikant.se\/de\/schwere-maschinen\/","title":{"rendered":"Schwere Maschinen"},"content":{"rendered":"\t\t<div data-elementor-type=\"wp-page\" data-elementor-id=\"11438\" class=\"elementor elementor-11438 elementor-7301\" data-elementor-post-type=\"page\">\n\t\t\t\t<div class=\"elementor-element elementor-element-1aaa6783 e-flex e-con-boxed e-con e-parent\" data-id=\"1aaa6783\" data-element_type=\"container\" data-e-type=\"container\" data-settings=\"{&quot;jet_parallax_layout_list&quot;:[],&quot;background_background&quot;:&quot;classic&quot;}\">\n\t\t\t\t\t<div class=\"e-con-inner\">\n\t\t\t\t<div class=\"elementor-element elementor-element-52da8449 elementor-widget__width-initial elementor-widget elementor-widget-heading\" data-id=\"52da8449\" data-element_type=\"widget\" data-e-type=\"widget\" data-widget_type=\"heading.default\">\n\t\t\t\t<div class=\"elementor-widget-container\">\n\t\t\t\t\t<h2 class=\"elementor-heading-title elementor-size-default\">Signikants Aftermarket-L\u00f6sung f\u00fcr schwere Maschinen<\/h2>\t\t\t\t<\/div>\n\t\t\t\t<\/div>\n\t\t\t\t<div class=\"elementor-element elementor-element-16601d37 elementor-widget__width-initial elementor-widget elementor-widget-text-editor\" data-id=\"16601d37\" data-element_type=\"widget\" data-e-type=\"widget\" data-widget_type=\"text-editor.default\">\n\t\t\t\t<div class=\"elementor-widget-container\">\n\t\t\t\t\t\t\t\t\t<p>Sichern Sie sich Wettbewerbsvorteile durch einen reibungslosen und effizienten Kundendienst.<\/p>\t\t\t\t\t\t\t\t<\/div>\n\t\t\t\t<\/div>\n\t\t\t\t\t<\/div>\n\t\t\t\t<\/div>\n\t\t<div class=\"elementor-element elementor-element-3372bb89 e-flex e-con-boxed e-con e-parent\" data-id=\"3372bb89\" data-element_type=\"container\" data-e-type=\"container\" data-settings=\"{&quot;jet_parallax_layout_list&quot;:[]}\">\n\t\t\t\t\t<div class=\"e-con-inner\">\n\t\t<div class=\"elementor-element elementor-element-1116e82f e-con-full e-flex e-con e-child\" data-id=\"1116e82f\" data-element_type=\"container\" data-e-type=\"container\" data-settings=\"{&quot;jet_parallax_layout_list&quot;:[]}\">\n\t\t\t\t<div class=\"elementor-element elementor-element-99fa242 elementor-widget__width-initial elementor-widget-tablet__width-inherit elementor-widget elementor-widget-heading\" data-id=\"99fa242\" data-element_type=\"widget\" data-e-type=\"widget\" data-widget_type=\"heading.default\">\n\t\t\t\t<div class=\"elementor-widget-container\">\n\t\t\t\t\t<h2 class=\"elementor-heading-title elementor-size-default\">Pr\u00e4zises Ersatzteilmanagement f\u00fcr schwere Maschinen mit Signikant<\/h2>\t\t\t\t<\/div>\n\t\t\t\t<\/div>\n\t\t\t\t<div class=\"elementor-element elementor-element-1671d5d1 elementor-widget__width-initial elementor-widget-tablet__width-inherit elementor-widget elementor-widget-text-editor\" data-id=\"1671d5d1\" data-element_type=\"widget\" data-e-type=\"widget\" data-widget_type=\"text-editor.default\">\n\t\t\t\t<div class=\"elementor-widget-container\">\n\t\t\t\t\t\t\t\t\t<p>Schwere Maschinen sind auf komplexe Systeme und Baugruppen angewiesen, die f\u00fcr optimale Leistung pr\u00e4zise Ersatzteile ben\u00f6tigen. Eine gro\u00dfe Herausforderung f\u00fcr Hersteller im Ersatzteilmarkt besteht darin, die Komplexit\u00e4t dieser Teile und Komponenten zu bew\u00e4ltigen. Die Bereitstellung genauer Produktinformationen, wie Teilenummern, Spezifikationen und Kompatibilit\u00e4t, ist entscheidend, damit Kunden die richtigen Teile identifizieren und bestellen k\u00f6nnen. Ungenaue oder unvollst\u00e4ndige Serviceinformationen k\u00f6nnen zu Verz\u00f6gerungen, Fehlern und Kundenfrustration f\u00fchren, was wiederum l\u00e4ngere Ausfallzeiten und geringere Produktivit\u00e4t zur Folge hat.   <\/p><p>Mit Signifikant verwalten Sie Ihre Aftermarket-Daten pr\u00e4zise und aktuell und stellen sie \u00fcber Ihre E-Commerce- und Vertriebssysteme jederzeit bereit. Dank umfassender Ersatzteilkatalogverwaltung und detaillierter Aftermarket-Verkaufsinformationen vereinfacht Signifikant die Prozesse f\u00fcr Sie, Ihre Kunden und Ihr Servicenetzwerk. <\/p>\t\t\t\t\t\t\t\t<\/div>\n\t\t\t\t<\/div>\n\t\t\t\t<\/div>\n\t\t\t\t<div class=\"elementor-element elementor-element-5dd9a795 elementor-widget__width-initial elementor-widget-tablet__width-inherit elementor-widget elementor-widget-image\" data-id=\"5dd9a795\" data-element_type=\"widget\" data-e-type=\"widget\" data-widget_type=\"image.default\">\n\t\t\t\t<div class=\"elementor-widget-container\">\n\t\t\t\t\t\t\t\t\t\t\t\t\t\t\t<img fetchpriority=\"high\" decoding=\"async\" width=\"880\" height=\"764\" src=\"https:\/\/www.signifikant.se\/wp-content\/uploads\/2026\/02\/excavator-hydraulic-cylinder-with-part-identification-and-stock-availability-overlay.webp\" class=\"attachment-large size-large wp-image-11435\" alt=\"Excavator hydraulic cylinder with part identification and stock availability overlay\" srcset=\"https:\/\/www.signifikant.se\/wp-content\/uploads\/2026\/02\/excavator-hydraulic-cylinder-with-part-identification-and-stock-availability-overlay.webp 880w, https:\/\/www.signifikant.se\/wp-content\/uploads\/2026\/02\/excavator-hydraulic-cylinder-with-part-identification-and-stock-availability-overlay-300x260.webp 300w, https:\/\/www.signifikant.se\/wp-content\/uploads\/2026\/02\/excavator-hydraulic-cylinder-with-part-identification-and-stock-availability-overlay-768x667.webp 768w\" sizes=\"(max-width: 880px) 100vw, 880px\" \/>\t\t\t\t\t\t\t\t\t\t\t\t\t\t\t<\/div>\n\t\t\t\t<\/div>\n\t\t\t\t\t<\/div>\n\t\t\t\t<\/div>\n\t\t<div class=\"elementor-element elementor-element-9ba1334 e-flex e-con-boxed e-con e-parent\" data-id=\"9ba1334\" data-element_type=\"container\" data-e-type=\"container\" data-settings=\"{&quot;jet_parallax_layout_list&quot;:[],&quot;background_background&quot;:&quot;classic&quot;}\">\n\t\t\t\t\t<div class=\"e-con-inner\">\n\t\t\t\t<div class=\"elementor-element elementor-element-2e6742a5 elementor-widget__width-initial elementor-widget-tablet__width-inherit elementor-widget elementor-widget-image\" data-id=\"2e6742a5\" data-element_type=\"widget\" data-e-type=\"widget\" data-widget_type=\"image.default\">\n\t\t\t\t<div class=\"elementor-widget-container\">\n\t\t\t\t\t\t\t\t\t\t\t\t\t\t\t<img decoding=\"async\" width=\"738\" height=\"704\" src=\"https:\/\/www.signifikant.se\/wp-content\/uploads\/2026\/02\/technician-inspecting-rear-wheel-assembly-of-heavy-machinery-with-part-reference-overlay.webp\" class=\"attachment-large size-large wp-image-11436\" alt=\"Technician inspecting rear wheel assembly of heavy machinery with part reference overlay\" srcset=\"https:\/\/www.signifikant.se\/wp-content\/uploads\/2026\/02\/technician-inspecting-rear-wheel-assembly-of-heavy-machinery-with-part-reference-overlay.webp 738w, https:\/\/www.signifikant.se\/wp-content\/uploads\/2026\/02\/technician-inspecting-rear-wheel-assembly-of-heavy-machinery-with-part-reference-overlay-300x286.webp 300w\" sizes=\"(max-width: 738px) 100vw, 738px\" \/>\t\t\t\t\t\t\t\t\t\t\t\t\t\t\t<\/div>\n\t\t\t\t<\/div>\n\t\t<div class=\"elementor-element elementor-element-23f6ccb0 e-con-full e-flex e-con e-child\" data-id=\"23f6ccb0\" data-element_type=\"container\" data-e-type=\"container\" data-settings=\"{&quot;jet_parallax_layout_list&quot;:[]}\">\n\t\t\t\t<div class=\"elementor-element elementor-element-671b32d3 elementor-widget__width-initial elementor-widget-tablet__width-inherit elementor-widget elementor-widget-heading\" data-id=\"671b32d3\" data-element_type=\"widget\" data-e-type=\"widget\" data-widget_type=\"heading.default\">\n\t\t\t\t<div class=\"elementor-widget-container\">\n\t\t\t\t\t<h2 class=\"elementor-heading-title elementor-size-default\">Was k\u00f6nnen Sie mit der Signifikant Aftermarket-L\u00f6sung machen?<\/h2>\t\t\t\t<\/div>\n\t\t\t\t<\/div>\n\t\t\t\t<div class=\"elementor-element elementor-element-d46044e elementor-widget__width-initial elementor-widget-tablet__width-inherit elementor-widget elementor-widget-text-editor\" data-id=\"d46044e\" data-element_type=\"widget\" data-e-type=\"widget\" data-widget_type=\"text-editor.default\">\n\t\t\t\t<div class=\"elementor-widget-container\">\n\t\t\t\t\t\t\t\t\t<p>Lassen Sie sich durch Herausforderungen im Aftermarket nicht aufhalten \u2013 bieten Sie Echtzeit-Updates zu Lagerbestand, Preisen und Aftermarket-Serviceinformationen. Automatisieren Sie Routineaufgaben und erleichtern Sie Ihren Kunden wiederholte K\u00e4ufe. <\/p><p>Kunden erwarten einen reibungslosen und effizienten Kundendienst, und zuverl\u00e4ssige Produktinformationen sind die Grundlage f\u00fcr exzellenten Kundenservice. Durch die Zusammenarbeit mit der Aftermarket-L\u00f6sung von Signifikant k\u00f6nnen Hersteller von Baumaschinen sicherstellen, dass ihre Kunden Ersatzteile einfach bestellen, Reparaturen beschleunigen und Ausfallzeiten minimieren k\u00f6nnen. Dies f\u00fchrt zu h\u00f6herer Kundenzufriedenheit, gr\u00f6\u00dferer Kundenbindung und einem deutlichen Wettbewerbsvorteil.  <\/p>\t\t\t\t\t\t\t\t<\/div>\n\t\t\t\t<\/div>\n\t\t\t\t<div class=\"elementor-element elementor-element-2454ce03 elementor-align-left elementor-mobile-align-left elementor-widget elementor-widget-button\" data-id=\"2454ce03\" data-element_type=\"widget\" data-e-type=\"widget\" data-widget_type=\"button.default\">\n\t\t\t\t<div class=\"elementor-widget-container\">\n\t\t\t\t\t\t\t\t\t<div class=\"elementor-button-wrapper\">\n\t\t\t\t\t<a class=\"elementor-button elementor-button-link elementor-size-xs\" href=\"https:\/\/www.signifikant.se\/resources\/#customer-stories\">\n\t\t\t\t\t\t<span class=\"elementor-button-content-wrapper\">\n\t\t\t\t\t\t\t\t\t<span class=\"elementor-button-text\">Kundenberichte<\/span>\n\t\t\t\t\t<\/span>\n\t\t\t\t\t<\/a>\n\t\t\t\t<\/div>\n\t\t\t\t\t\t\t\t<\/div>\n\t\t\t\t<\/div>\n\t\t\t\t<\/div>\n\t\t\t\t\t<\/div>\n\t\t\t\t<\/div>\n\t\t<div class=\"elementor-element elementor-element-7565a965 e-flex e-con-boxed e-con e-parent\" data-id=\"7565a965\" data-element_type=\"container\" data-e-type=\"container\" data-settings=\"{&quot;jet_parallax_layout_list&quot;:[]}\">\n\t\t\t\t\t<div class=\"e-con-inner\">\n\t\t\t\t<div class=\"elementor-element elementor-element-36044dc8 elementor-widget__width-inherit elementor-widget elementor-widget-heading\" data-id=\"36044dc8\" data-element_type=\"widget\" data-e-type=\"widget\" data-widget_type=\"heading.default\">\n\t\t\t\t<div class=\"elementor-widget-container\">\n\t\t\t\t\t<h2 class=\"elementor-heading-title elementor-size-default\">Was bringt Signifikant den OEMs?<\/h2>\t\t\t\t<\/div>\n\t\t\t\t<\/div>\n\t\t<div class=\"elementor-element elementor-element-6775c3e7 e-con-full e-flex e-con e-child\" data-id=\"6775c3e7\" data-element_type=\"container\" data-e-type=\"container\" data-settings=\"{&quot;jet_parallax_layout_list&quot;:[]}\">\n\t\t\t\t<div class=\"elementor-element elementor-element-43da8e68 elementor-widget__width-initial elementor-widget-mobile__width-inherit elementor-position-top elementor-widget elementor-widget-image-box\" data-id=\"43da8e68\" data-element_type=\"widget\" data-e-type=\"widget\" data-widget_type=\"image-box.default\">\n\t\t\t\t<div class=\"elementor-widget-container\">\n\t\t\t\t\t<div class=\"elementor-image-box-wrapper\"><figure class=\"elementor-image-box-img\"><img decoding=\"async\" width=\"130\" height=\"130\" src=\"https:\/\/www.signifikant.se\/wp-content\/uploads\/2026\/02\/star-icon.png\" class=\"attachment-full size-full wp-image-10155\" alt=\"Star Icon\" \/><\/figure><div class=\"elementor-image-box-content\"><h3 class=\"elementor-image-box-title\">Steigern Sie die Kundenzufriedenheit durch ein Self-Service-Portal<\/h3><\/div><\/div>\t\t\t\t<\/div>\n\t\t\t\t<\/div>\n\t\t\t\t<div class=\"elementor-element elementor-element-33612db0 elementor-widget__width-initial elementor-widget-mobile__width-inherit elementor-position-top elementor-widget elementor-widget-image-box\" data-id=\"33612db0\" data-element_type=\"widget\" data-e-type=\"widget\" data-widget_type=\"image-box.default\">\n\t\t\t\t<div class=\"elementor-widget-container\">\n\t\t\t\t\t<div class=\"elementor-image-box-wrapper\"><figure class=\"elementor-image-box-img\"><img loading=\"lazy\" decoding=\"async\" width=\"160\" height=\"160\" src=\"https:\/\/www.signifikant.se\/wp-content\/uploads\/2026\/02\/product-box-icon.webp\" class=\"attachment-full size-full wp-image-11289\" alt=\"Product Box Icon\" srcset=\"https:\/\/www.signifikant.se\/wp-content\/uploads\/2026\/02\/product-box-icon.webp 160w, https:\/\/www.signifikant.se\/wp-content\/uploads\/2026\/02\/product-box-icon-150x150.webp 150w\" sizes=\"(max-width: 160px) 100vw, 160px\" \/><\/figure><div class=\"elementor-image-box-content\"><h3 class=\"elementor-image-box-title\">Reduzieren Sie R\u00fccksendungen und Garantieanspr\u00fcche durch pr\u00e4zise Teileinformationen<\/h3><\/div><\/div>\t\t\t\t<\/div>\n\t\t\t\t<\/div>\n\t\t\t\t<div class=\"elementor-element elementor-element-1d272fc0 elementor-widget__width-initial elementor-widget-mobile__width-inherit elementor-position-top elementor-widget elementor-widget-image-box\" data-id=\"1d272fc0\" data-element_type=\"widget\" data-e-type=\"widget\" data-widget_type=\"image-box.default\">\n\t\t\t\t<div class=\"elementor-widget-container\">\n\t\t\t\t\t<div class=\"elementor-image-box-wrapper\"><figure class=\"elementor-image-box-img\"><img loading=\"lazy\" decoding=\"async\" width=\"130\" height=\"130\" src=\"https:\/\/www.signifikant.se\/wp-content\/uploads\/2026\/02\/graph-icon.png\" class=\"attachment-full size-full wp-image-10153\" alt=\"Graph Icon\" \/><\/figure><div class=\"elementor-image-box-content\"><h3 class=\"elementor-image-box-title\">Durch exzellenten Kundenservice den Aftermarket-Umsatz steigern.<\/h3><\/div><\/div>\t\t\t\t<\/div>\n\t\t\t\t<\/div>\n\t\t\t\t<div class=\"elementor-element elementor-element-7c65639 elementor-widget__width-initial elementor-widget-mobile__width-inherit elementor-position-top elementor-widget elementor-widget-image-box\" data-id=\"7c65639\" data-element_type=\"widget\" data-e-type=\"widget\" data-widget_type=\"image-box.default\">\n\t\t\t\t<div class=\"elementor-widget-container\">\n\t\t\t\t\t<div class=\"elementor-image-box-wrapper\"><figure class=\"elementor-image-box-img\"><img loading=\"lazy\" decoding=\"async\" width=\"160\" height=\"160\" src=\"https:\/\/www.signifikant.se\/wp-content\/uploads\/2026\/02\/message-icon.webp\" class=\"attachment-full size-full wp-image-11276\" alt=\"Message Icon\" srcset=\"https:\/\/www.signifikant.se\/wp-content\/uploads\/2026\/02\/message-icon.webp 160w, https:\/\/www.signifikant.se\/wp-content\/uploads\/2026\/02\/message-icon-150x150.webp 150w\" sizes=\"(max-width: 160px) 100vw, 160px\" \/><\/figure><div class=\"elementor-image-box-content\"><h3 class=\"elementor-image-box-title\">Bauen Sie einen Ruf f\u00fcr zuverl\u00e4ssigen und schnellen Kundendienst auf.<\/h3><\/div><\/div>\t\t\t\t<\/div>\n\t\t\t\t<\/div>\n\t\t\t\t<div class=\"elementor-element elementor-element-15bab883 elementor-widget__width-initial elementor-widget-mobile__width-inherit elementor-position-top elementor-widget elementor-widget-image-box\" data-id=\"15bab883\" data-element_type=\"widget\" data-e-type=\"widget\" data-widget_type=\"image-box.default\">\n\t\t\t\t<div class=\"elementor-widget-container\">\n\t\t\t\t\t<div class=\"elementor-image-box-wrapper\"><figure class=\"elementor-image-box-img\"><img loading=\"lazy\" decoding=\"async\" width=\"130\" height=\"130\" src=\"https:\/\/www.signifikant.se\/wp-content\/uploads\/2026\/02\/share-icon.png\" class=\"attachment-full size-full wp-image-10154\" alt=\"Share Icon\" \/><\/figure><div class=\"elementor-image-box-content\"><h3 class=\"elementor-image-box-title\">Einfacher Zugang und Support f\u00fcr Ihre Vertriebspartner und Partner.<\/h3><\/div><\/div>\t\t\t\t<\/div>\n\t\t\t\t<\/div>\n\t\t\t\t<\/div>\n\t\t\t\t\t<\/div>\n\t\t\t\t<\/div>\n\t\t<div class=\"elementor-element elementor-element-3aa714be e-con-full e-flex e-con e-parent\" data-id=\"3aa714be\" data-element_type=\"container\" data-e-type=\"container\" data-settings=\"{&quot;jet_parallax_layout_list&quot;:[]}\">\n\t\t\t\t<div class=\"elementor-element elementor-element-4f3511b3 elementor-widget elementor-widget-template\" data-id=\"4f3511b3\" data-element_type=\"widget\" data-e-type=\"widget\" data-widget_type=\"template.default\">\n\t\t\t\t<div class=\"elementor-widget-container\">\n\t\t\t\t\t\t\t<div class=\"elementor-template\">\n\t\t\t\t\t<div data-elementor-type=\"container\" data-elementor-id=\"10337\" class=\"elementor elementor-10337\" data-elementor-post-type=\"elementor_library\">\n\t\t\t\t<div class=\"elementor-element elementor-element-56f8cd4f e-con-full e-flex e-con e-parent\" data-id=\"56f8cd4f\" data-element_type=\"container\" data-e-type=\"container\" data-settings=\"{&quot;jet_parallax_layout_list&quot;:[],&quot;background_background&quot;:&quot;classic&quot;}\">\n\t\t\t\t<div class=\"elementor-element elementor-element-36860b72 elementor-widget__width-inherit elementor-widget-mobile__width-initial elementor-widget elementor-widget-heading\" data-id=\"36860b72\" data-element_type=\"widget\" data-e-type=\"widget\" data-widget_type=\"heading.default\">\n\t\t\t\t<div class=\"elementor-widget-container\">\n\t\t\t\t\t<h2 class=\"elementor-heading-title elementor-size-default\">Trusted by industry leaders worldwide<\/h2>\t\t\t\t<\/div>\n\t\t\t\t<\/div>\n\t\t\t\t<div class=\"elementor-element elementor-element-5d5b2d8f elementor-widget elementor-widget-ucaddon_logo_marquee\" data-id=\"5d5b2d8f\" data-element_type=\"widget\" data-e-type=\"widget\" data-widget_type=\"ucaddon_logo_marquee.default\">\n\t\t\t\t<div class=\"elementor-widget-container\">\n\t\t\t\t\t\n<!-- start Logo Marquee -->\n\t\t<link id='font-awesome-css' href='https:\/\/www.signifikant.se\/wp-content\/plugins\/unlimited-elements-for-elementor-premium\/assets_libraries\/font-awesome6\/fontawesome-all.min.css' type='text\/css' rel='stylesheet' >\n\t\t<link id='font-awesome-4-shim-css' href='https:\/\/www.signifikant.se\/wp-content\/plugins\/unlimited-elements-for-elementor-premium\/assets_libraries\/font-awesome6\/fontawesome-v4-shims.min.css' type='text\/css' rel='stylesheet' >\n\n<style>\/* widget: Logo Marquee *\/\n\n#uc_logo_marquee_elementor_5d5b2d8f{\n  min-height:1px;\n  text-align: center;\n  position:relative;\n}\n\n#uc_logo_marquee_elementor_5d5b2d8f *{\n  box-sizing:border-box;\n}\n#uc_logo_marquee_elementor_5d5b2d8f .uc_marquee {\n\tdisplay: flex;\n\talign-items: center;\n\toverflow: hidden;\n    position: relative;\n}\n#uc_logo_marquee_elementor_5d5b2d8f .uc_marquee > div {\n    position:relative;\n\tdisplay: inline-flex;\n\talign-items: center;\n\tflex: 0 0 auto;\n\twidth: auto;\n\toverflow: hidden;\n  \t\t\tanimation-name: marquee-to-left;\n    \tanimation-timing-function: linear;\n\tanimation-iteration-count: infinite;\n    }\n#uc_logo_marquee_elementor_5d5b2d8f img{\n\n  \theight: 100%;\n  \tobject-fit: contain;\n}\n\n#uc_logo_marquee_elementor_5d5b2d8f .ue_marquee_title\n{\n  position:absolute;\n  bottom:0px;\n  width:100%;\n}\n\n#uc_logo_marquee_elementor_5d5b2d8f .uc_logo_marquee_holder{\n\tposition:relative;\n    text-align:center;\n    overflow:hidden;\n}\n\n\n#uc_logo_marquee_elementor_5d5b2d8f .uc_logo_marquee_holder a{\n  height:100%;\n  width: 100%;\n  display:flex;\n  align-items: center;\n  justify-content:center;\n}\n\n\n\t@keyframes marquee-to-left {\n\tfrom {transform: translate(0,0)}\n\tto {transform: translate(-50%,0)}\n}\n\t\n\n\n\n\n\n#uc_logo_marquee_elementor_5d5b2d8f .ue-item-badge\n{\n  position:absolute;\n  right:10px;\n  top:10px;\n}\n\n<\/style>\n\n<div class=\"uc_logo_marquee\" id=\"uc_logo_marquee_elementor_5d5b2d8f\" style=\"direction:ltr;\">\n   <div class=\"uc_marquee uc-items-wrapper\" data-height=\"\" data-speed=\"12000\" data-mobile-items=\"3\" data-tablet-items=\"5\" data-desktop-items=\"5\" data-margin=\"\" data-paused=\"false\" data-direction=\"left\">\n   \t\t<div class=\"uc_logo_marquee_holder elementor-repeater-item-708b9f6\">\n\t        <img decoding=\"async\" src=\"https:\/\/www.signifikant.se\/wp-content\/uploads\/2024\/06\/vaderstad.png\" alt=\"Item 1\" class=\"ue_img_marquee\">\n      \t\n        \n      \t\n      <\/div>\n<div class=\"uc_logo_marquee_holder elementor-repeater-item-4013632\">\n\t        <img decoding=\"async\" src=\"https:\/\/www.signifikant.se\/wp-content\/uploads\/2024\/05\/rototilt-logo.webp\" alt=\"Item 1\" class=\"ue_img_marquee\">\n      \t\n        \n      \t\n      <\/div>\n<div class=\"uc_logo_marquee_holder elementor-repeater-item-190c158\">\n\t        <img decoding=\"async\" src=\"https:\/\/www.signifikant.se\/wp-content\/uploads\/2024\/06\/automatic-choice.png\" alt=\"Item 1\" class=\"ue_img_marquee\">\n      \t\n        \n      \t\n      <\/div>\n<div class=\"uc_logo_marquee_holder elementor-repeater-item-ce7255a\">\n\t        <img decoding=\"async\" src=\"https:\/\/www.signifikant.se\/wp-content\/uploads\/2024\/05\/alo.webp\" alt=\"Item 1\" class=\"ue_img_marquee\">\n      \t\n        \n      \t\n      <\/div>\n<div class=\"uc_logo_marquee_holder elementor-repeater-item-f87010c\">\n\t        <img decoding=\"async\" src=\"https:\/\/www.signifikant.se\/wp-content\/uploads\/2024\/05\/dometic.webp\" alt=\"Item 1\" class=\"ue_img_marquee\">\n      \t\n        \n      \t\n      <\/div>\n<div class=\"uc_logo_marquee_holder elementor-repeater-item-df28d1f\">\n\t        <img decoding=\"async\" src=\"https:\/\/www.signifikant.se\/wp-content\/uploads\/2024\/05\/voltas-logo_520x140.webp\" alt=\"Item 1\" class=\"ue_img_marquee\">\n      \t\n        \n      \t\n      <\/div>\n<div class=\"uc_logo_marquee_holder elementor-repeater-item-b81157d\">\n\t        <img decoding=\"async\" src=\"https:\/\/www.signifikant.se\/wp-content\/uploads\/2024\/05\/edilog.webp\" alt=\"Item 1\" class=\"ue_img_marquee\">\n      \t\n        \n      \t\n      <\/div>\n<div class=\"uc_logo_marquee_holder elementor-repeater-item-691a469\">\n\t        <img decoding=\"async\" src=\"https:\/\/www.signifikant.se\/wp-content\/uploads\/2024\/06\/sampo-rosenlew.png\" alt=\"Item 1\" class=\"ue_img_marquee\">\n      \t\n        \n      \t\n      <\/div>\n<div class=\"uc_logo_marquee_holder elementor-repeater-item-6871260\">\n\t        <img decoding=\"async\" src=\"https:\/\/www.signifikant.se\/wp-content\/uploads\/2024\/08\/Komatsu-Logo-1.png\" alt=\"Item 1\" class=\"ue_img_marquee\">\n      \t\n        \n      \t\n      <\/div>\n\n   <\/div>\t\n<\/div>\n<!-- end Logo Marquee -->\t\t\t\t<\/div>\n\t\t\t\t<\/div>\n\t\t\t\t<\/div>\n\t\t\t\t<\/div>\n\t\t\t\t<\/div>\n\t\t\t\t\t\t<\/div>\n\t\t\t\t<\/div>\n\t\t\t\t<\/div>\n\t\t\t\t<\/div>\n\t\t","protected":false},"excerpt":{"rendered":"<p>Signikants Aftermarket-L\u00f6sung f\u00fcr schwere Maschinen Sichern Sie sich Wettbewerbsvorteile durch einen reibungslosen und effizienten Kundendienst. Pr\u00e4zises Ersatzteilmanagement f\u00fcr schwere Maschinen mit Signikant Schwere Maschinen sind auf komplexe Systeme und Baugruppen angewiesen, die f\u00fcr optimale Leistung pr\u00e4zise Ersatzteile ben\u00f6tigen. Eine gro\u00dfe Herausforderung f\u00fcr Hersteller im Ersatzteilmarkt besteht darin, die Komplexit\u00e4t dieser Teile und Komponenten zu bew\u00e4ltigen. [&hellip;]<\/p>\n","protected":false},"author":1,"featured_media":11437,"parent":0,"menu_order":0,"comment_status":"closed","ping_status":"closed","template":"elementor_header_footer","meta":{"ocean_post_layout":"","ocean_both_sidebars_style":"","ocean_both_sidebars_content_width":0,"ocean_both_sidebars_sidebars_width":0,"ocean_sidebar":"","ocean_second_sidebar":"","ocean_disable_margins":"enable","ocean_add_body_class":"","ocean_shortcode_before_top_bar":"","ocean_shortcode_after_top_bar":"","ocean_shortcode_before_header":"","ocean_shortcode_after_header":"","ocean_has_shortcode":"","ocean_shortcode_after_title":"","ocean_shortcode_before_footer_widgets":"","ocean_shortcode_after_footer_widgets":"","ocean_shortcode_before_footer_bottom":"","ocean_shortcode_after_footer_bottom":"","ocean_display_top_bar":"default","ocean_display_header":"default","ocean_header_style":"","ocean_center_header_left_menu":"","ocean_custom_header_template":"","ocean_custom_logo":0,"ocean_custom_retina_logo":0,"ocean_custom_logo_max_width":0,"ocean_custom_logo_tablet_max_width":0,"ocean_custom_logo_mobile_max_width":0,"ocean_custom_logo_max_height":0,"ocean_custom_logo_tablet_max_height":0,"ocean_custom_logo_mobile_max_height":0,"ocean_header_custom_menu":"","ocean_menu_typo_font_family":"","ocean_menu_typo_font_subset":"","ocean_menu_typo_font_size":0,"ocean_menu_typo_font_size_tablet":0,"ocean_menu_typo_font_size_mobile":0,"ocean_menu_typo_font_size_unit":"px","ocean_menu_typo_font_weight":"","ocean_menu_typo_font_weight_tablet":"","ocean_menu_typo_font_weight_mobile":"","ocean_menu_typo_transform":"","ocean_menu_typo_transform_tablet":"","ocean_menu_typo_transform_mobile":"","ocean_menu_typo_line_height":0,"ocean_menu_typo_line_height_tablet":0,"ocean_menu_typo_line_height_mobile":0,"ocean_menu_typo_line_height_unit":"","ocean_menu_typo_spacing":0,"ocean_menu_typo_spacing_tablet":0,"ocean_menu_typo_spacing_mobile":0,"ocean_menu_typo_spacing_unit":"","ocean_menu_link_color":"","ocean_menu_link_color_hover":"","ocean_menu_link_color_active":"","ocean_menu_link_background":"","ocean_menu_link_hover_background":"","ocean_menu_link_active_background":"","ocean_menu_social_links_bg":"","ocean_menu_social_hover_links_bg":"","ocean_menu_social_links_color":"","ocean_menu_social_hover_links_color":"","ocean_disable_title":"default","ocean_disable_heading":"default","ocean_post_title":"","ocean_post_subheading":"","ocean_post_title_style":"","ocean_post_title_background_color":"","ocean_post_title_background":0,"ocean_post_title_bg_image_position":"","ocean_post_title_bg_image_attachment":"","ocean_post_title_bg_image_repeat":"","ocean_post_title_bg_image_size":"","ocean_post_title_height":0,"ocean_post_title_bg_overlay":0.5,"ocean_post_title_bg_overlay_color":"","ocean_disable_breadcrumbs":"default","ocean_breadcrumbs_color":"","ocean_breadcrumbs_separator_color":"","ocean_breadcrumbs_links_color":"","ocean_breadcrumbs_links_hover_color":"","ocean_display_footer_widgets":"default","ocean_display_footer_bottom":"default","ocean_custom_footer_template":"","footnotes":""},"class_list":["post-11438","page","type-page","status-publish","has-post-thumbnail","hentry","entry","has-media"],"_links":{"self":[{"href":"https:\/\/www.signifikant.se\/de\/wp-json\/wp\/v2\/pages\/11438","targetHints":{"allow":["GET"]}}],"collection":[{"href":"https:\/\/www.signifikant.se\/de\/wp-json\/wp\/v2\/pages"}],"about":[{"href":"https:\/\/www.signifikant.se\/de\/wp-json\/wp\/v2\/types\/page"}],"author":[{"embeddable":true,"href":"https:\/\/www.signifikant.se\/de\/wp-json\/wp\/v2\/users\/1"}],"replies":[{"embeddable":true,"href":"https:\/\/www.signifikant.se\/de\/wp-json\/wp\/v2\/comments?post=11438"}],"version-history":[{"count":1,"href":"https:\/\/www.signifikant.se\/de\/wp-json\/wp\/v2\/pages\/11438\/revisions"}],"predecessor-version":[{"id":11456,"href":"https:\/\/www.signifikant.se\/de\/wp-json\/wp\/v2\/pages\/11438\/revisions\/11456"}],"wp:featuredmedia":[{"embeddable":true,"href":"https:\/\/www.signifikant.se\/de\/wp-json\/wp\/v2\/media\/11437"}],"wp:attachment":[{"href":"https:\/\/www.signifikant.se\/de\/wp-json\/wp\/v2\/media?parent=11438"}],"curies":[{"name":"wp","href":"https:\/\/api.w.org\/{rel}","templated":true}]}}